{"id":276,"date":"2024-12-18T02:28:47","date_gmt":"2024-12-18T01:28:47","guid":{"rendered":"https:\/\/www.race85.com\/?post_type=product&#038;p=276"},"modified":"2026-01-16T19:08:49","modified_gmt":"2026-01-16T18:08:49","slug":"plugs-for-wheel-stand-pro-v2-deluxe-steering-wheel-mount","status":"publish","type":"product","link":"https:\/\/www.race85.com\/cs\/produkt\/plugs-for-wheel-stand-pro-v2-deluxe-steering-wheel-mount\/","title":{"rendered":"Plugs for Wheel Stand Pro V2 Deluxe Steering Wheel Mount"},"content":{"rendered":"<p>A set of 6 plugs to close holes in frame of your Wheel Stand Pro V2.<\/p>\n<p>These will also allow you to move the rubber feet to the sides.<\/p>\n<p>Color: Black<\/p>\n<p>This is a 3D printed item, minor surface imperfections may be present not affecting functionality.<\/p>\n<p>Materi\u00e1l:<\/p>\n<p>&#8211; very durable &amp; impact resistant<br \/>\n&#8211; resistant to water, oil, acids, grease, UV<br \/>\n&#8211; heat resistant up to 70\u00b0C<\/p>\n<p>&nbsp;<\/p>\n<p><em>Kontaktujte m\u011b, pokud m\u00e1te z\u00e1jem o dodate\u010dnou \u00fapravu nebo p\u0159izp\u016fsoben\u00ed d\u00edlu <a title=\"O spole\u010dnosti\" href=\"https:\/\/www.race85.com\/cs\/company-profile-and-contacts\/\">p\u0159es tento formul\u00e1\u0159<\/a><\/em><\/p>\n<p>&nbsp;<\/p>\n<p>&nbsp;<\/p>\n<p><em>*** Tento produkt je vyroben technologii 3D tisku, m\u016f\u017ee m\u00edt drobn\u00e9 kosmetick\u00e9 nedokonalosti, kter\u00e9 nemaj\u00ed vliv na funkci ***<\/em><\/p>\n<hr \/>\n<p><strong>Objedn\u00e1vka bude odeslan\u00e1 se sledovac\u00edm \u010d\u00edslem<\/strong><\/p>\n<p><strong>Objedn\u00e1vky jsou odes\u00edlan\u00e9 Pond\u011bl\u00ed - P\u00e1tek<\/strong><\/p>\n<hr \/>\n<p>Import tax may be incurred by your Customs authority, if you are ordering outside of EU<\/p>\n<p>&nbsp;<\/p>","protected":false},"excerpt":{"rendered":"<p>A set of 6 plugs to close holes in frame of your Wheel Stand Pro V2.These will also allow you to move the rubber feet to the sides.<\/p>","protected":false},"featured_media":280,"comment_status":"closed","ping_status":"closed","template":"","meta":{"_monsterinsights_skip_tracking":false,"_monsterinsights_sitenote_active":false,"_monsterinsights_sitenote_note":"","_monsterinsights_sitenote_category":0},"product_brand":[121],"product_cat":[98],"product_tag":[102,101,100,103,99],"class_list":{"0":"post-276","1":"product","2":"type-product","3":"status-publish","4":"has-post-thumbnail","6":"product_brand-race85com","7":"product_cat-sim-racing","8":"product_tag-mod","9":"product_tag-sim-racing","10":"product_tag-wheel-stand-pro","11":"product_tag-wheel-stand-pro-v2","12":"product_tag-wsp","13":"product_shipping_class-do-1kg","15":"first","16":"instock","17":"taxable","18":"shipping-taxable","19":"purchasable","20":"product-type-simple"},"aioseo_notices":[],"jetpack_sharing_enabled":true,"_links":{"self":[{"href":"https:\/\/www.race85.com\/cs\/wp-json\/wp\/v2\/product\/276","targetHints":{"allow":["GET"]}}],"collection":[{"href":"https:\/\/www.race85.com\/cs\/wp-json\/wp\/v2\/product"}],"about":[{"href":"https:\/\/www.race85.com\/cs\/wp-json\/wp\/v2\/types\/product"}],"replies":[{"embeddable":true,"href":"https:\/\/www.race85.com\/cs\/wp-json\/wp\/v2\/comments?post=276"}],"wp:featuredmedia":[{"embeddable":true,"href":"https:\/\/www.race85.com\/cs\/wp-json\/wp\/v2\/media\/280"}],"wp:attachment":[{"href":"https:\/\/www.race85.com\/cs\/wp-json\/wp\/v2\/media?parent=276"}],"wp:term":[{"taxonomy":"product_brand","embeddable":true,"href":"https:\/\/www.race85.com\/cs\/wp-json\/wp\/v2\/product_brand?post=276"},{"taxonomy":"product_cat","embeddable":true,"href":"https:\/\/www.race85.com\/cs\/wp-json\/wp\/v2\/product_cat?post=276"},{"taxonomy":"product_tag","embeddable":true,"href":"https:\/\/www.race85.com\/cs\/wp-json\/wp\/v2\/product_tag?post=276"}],"curies":[{"name":"wp","href":"https:\/\/api.w.org\/{rel}","templated":true}]}}