{"id":28,"date":"2023-06-03T12:43:27","date_gmt":"2023-06-03T10:43:27","guid":{"rendered":"https:\/\/race85.com\/?post_type=product&#038;p=28"},"modified":"2026-01-16T19:10:02","modified_gmt":"2026-01-16T18:10:02","slug":"ford-fiesta-st150-mk6-st-xr4-jacking-point-cover-front","status":"publish","type":"product","link":"https:\/\/www.race85.com\/cs\/produkt\/ford-fiesta-st150-mk6-st-xr4-jacking-point-cover-front\/","title":{"rendered":"Jacking Point Cover FRONT for Ford Fiesta ST150 Mk6 ST XR4"},"content":{"rendered":"<p>Replacement jacking point cover for front sills on the Ford Fiesta ST150 Mk6 ST XR4. These offer more accurate fit. Will require sanding and painting.<\/p>\n<p>Placement: FRONT, please choose your side LEFT (N\/S\/F) or RIGHT (O\/S\/F).<\/p>\n<p><strong>Design:<\/strong><\/p>\n<ul>\n<li>very tight fit onto OEM sills = better retaining compared to other models<\/li>\n<li>includes opening to use zip-tie for additional securing<\/li>\n<\/ul>\n<p><strong>Materi\u00e1l:<\/strong><\/p>\n<ul>\n<li>easy to sand = fast prep for paint<\/li>\n<li>very durable &amp; impact resistant<\/li>\n<li>resistant to water, oil, acids, grease, UV<\/li>\n<li>\u00a0heat resistant up to 70\u00b0C<\/li>\n<\/ul>\n<p><strong>Recommended post-processing:<\/strong><\/p>\n<ol>\n<li>use sand-paper to smooth outside surface (better prep = better paint result)<\/li>\n<li>degrease with IPA\/alcohol<\/li>\n<li>recommended to use plastic primer for better paint adherence<\/li>\n<li>spray paint to match your car &#8211; no need to paint inside of the cover, due to resistant material used<\/li>\n<li>\u00a0clear coat<\/li>\n<\/ol>\n<p>This is a 3D printed part from a durable material, minor surface imperfections are present, that can EASILY be sanded smooth!<\/p>\n<p>&nbsp;<\/p>\n<p><em>Kontaktujte m\u011b, pokud m\u00e1te z\u00e1jem o dodate\u010dnou \u00fapravu nebo p\u0159izp\u016fsoben\u00ed d\u00edlu <a title=\"O spole\u010dnosti\" href=\"https:\/\/www.race85.com\/cs\/company-profile-and-contacts\/\">p\u0159es tento formul\u00e1\u0159<\/a><\/em><\/p>\n<p>&nbsp;<\/p>\n<p>&nbsp;<\/p>\n<p><em>*** Tento produkt je vyroben technologii 3D tisku, m\u016f\u017ee m\u00edt drobn\u00e9 kosmetick\u00e9 nedokonalosti, kter\u00e9 nemaj\u00ed vliv na funkci ***<\/em><\/p>\n<hr \/>\n<p><strong>Objedn\u00e1vka bude odeslan\u00e1 se sledovac\u00edm \u010d\u00edslem<\/strong><\/p>\n<p><strong>Objedn\u00e1vky jsou odes\u00edlan\u00e9 Pond\u011bl\u00ed - P\u00e1tek<\/strong><\/p>\n<hr \/>\n<p>Import tax may be incurred by your Customs authority, if you are ordering outside of EU<\/p>\n<p>&nbsp;<\/p>","protected":false},"excerpt":{"rendered":"<p>Replacement jacking point cover for front sills on the Ford Fiesta ST150 Mk6 ST XR4. These offer more accurate fit. Will require sanding and painting. Placement: FRONT, please choose your side LEFT (N\/S\/F) or RIGHT (O\/S\/F).<\/p>","protected":false},"featured_media":30,"comment_status":"closed","ping_status":"closed","template":"","meta":{"_monsterinsights_skip_tracking":false,"_monsterinsights_sitenote_active":false,"_monsterinsights_sitenote_note":"","_monsterinsights_sitenote_category":0},"product_brand":[121],"product_cat":[34],"product_tag":[59,58,32,56,91,60,61,57],"class_list":{"0":"post-28","1":"product","2":"type-product","3":"status-publish","4":"has-post-thumbnail","6":"product_brand-race85com","7":"product_cat-ford-fiesta-st150-xr4","8":"product_tag-cover","9":"product_tag-fiesta-mk6","10":"product_tag-fiesta-st","11":"product_tag-fiesta-st150","12":"product_tag-jacking","13":"product_tag-side","14":"product_tag-sill","15":"product_tag-st150","16":"product_shipping_class-do-1kg","18":"first","19":"instock","20":"taxable","21":"shipping-taxable","22":"purchasable","23":"product-type-variable"},"aioseo_notices":[],"jetpack_sharing_enabled":true,"_links":{"self":[{"href":"https:\/\/www.race85.com\/cs\/wp-json\/wp\/v2\/product\/28","targetHints":{"allow":["GET"]}}],"collection":[{"href":"https:\/\/www.race85.com\/cs\/wp-json\/wp\/v2\/product"}],"about":[{"href":"https:\/\/www.race85.com\/cs\/wp-json\/wp\/v2\/types\/product"}],"replies":[{"embeddable":true,"href":"https:\/\/www.race85.com\/cs\/wp-json\/wp\/v2\/comments?post=28"}],"wp:featuredmedia":[{"embeddable":true,"href":"https:\/\/www.race85.com\/cs\/wp-json\/wp\/v2\/media\/30"}],"wp:attachment":[{"href":"https:\/\/www.race85.com\/cs\/wp-json\/wp\/v2\/media?parent=28"}],"wp:term":[{"taxonomy":"product_brand","embeddable":true,"href":"https:\/\/www.race85.com\/cs\/wp-json\/wp\/v2\/product_brand?post=28"},{"taxonomy":"product_cat","embeddable":true,"href":"https:\/\/www.race85.com\/cs\/wp-json\/wp\/v2\/product_cat?post=28"},{"taxonomy":"product_tag","embeddable":true,"href":"https:\/\/www.race85.com\/cs\/wp-json\/wp\/v2\/product_tag?post=28"}],"curies":[{"name":"wp","href":"https:\/\/api.w.org\/{rel}","templated":true}]}}