{"id":876,"date":"2025-10-09T21:41:13","date_gmt":"2025-10-09T19:41:13","guid":{"rendered":"https:\/\/www.race85.com\/?post_type=product&#038;p=876"},"modified":"2026-01-16T19:06:31","modified_gmt":"2026-01-16T18:06:31","slug":"extension-stand-for-tapo-c200-c210-c220-ip-camera","status":"publish","type":"product","link":"https:\/\/www.race85.com\/cs\/produkt\/extension-stand-for-tapo-c200-c210-c220-ip-camera\/","title":{"rendered":"Extension Stand for TAPO C200 C210 C220 IP Camera"},"content":{"rendered":"<p>This extension stand is designed for TAPO C200 C210 C220 IP camera and allows to position the camera to a higher spot. Ideal for monitoring 3D printers, bird feeders and much more.<\/p>\n<h3><strong>Design:<\/strong><\/h3>\n<ul>\n<li>3 heights offered: 100mm, 150mm, 200mm.<\/li>\n<li>integrated push-fit cable guide in the base<\/li>\n<li>hides the power cable in the body of the stand<\/li>\n<li>please note, that the camera itself is not fixed to the stand, please place the stand on a level surface<\/li>\n<\/ul>\n<h3><strong>Materi\u00e1l:<\/strong><\/h3>\n<ul>\n<li>N\u00e1razu-odoln\u00fd<\/li>\n<li>Odoln\u00fd v\u016f\u010di UV, palivu a olej\u016fm<\/li>\n<\/ul>\n<h3><strong>Mo\u017enosti p\u0159izp\u016fsoben\u00ed:<\/strong><\/h3>\n<ul>\n<li>Custom height<\/li>\n<li>Mo\u017enost jin\u00e9 barvy<\/li>\n<\/ul>\n<p><em>Kontaktujte m\u011b, pokud m\u00e1te z\u00e1jem o dodate\u010dnou \u00fapravu nebo p\u0159izp\u016fsoben\u00ed d\u00edlu <a title=\"O spole\u010dnosti\" href=\"https:\/\/www.race85.com\/cs\/company-profile-and-contacts\/\">p\u0159es tento formul\u00e1\u0159<\/a><\/em><\/p>\n<p>&nbsp;<\/p>\n<p><em>*** Tento produkt je vyroben technologii 3D tisku, m\u016f\u017ee m\u00edt drobn\u00e9 kosmetick\u00e9 nedokonalosti, kter\u00e9 nemaj\u00ed vliv na funkci ***<\/em><\/p>\n<hr \/>\n<p><strong>Objedn\u00e1vka bude odeslan\u00e1 se sledovac\u00edm \u010d\u00edslem<\/strong><\/p>\n<p><strong>Objedn\u00e1vky jsou odes\u00edlan\u00e9 Pond\u011bl\u00ed - P\u00e1tek<\/strong><\/p>\n<hr \/>\n<p>Import tax may be incurred by your Customs authority, if you are ordering outside of EU<\/p>","protected":false},"excerpt":{"rendered":"<p>This extension stand is designed for TAPO C200 C210 C220 IP camera and allows to position the camera to a higher spot. Ideal for monitoring 3D printers, bird feeders and much more.<\/p>","protected":false},"featured_media":875,"comment_status":"closed","ping_status":"closed","template":"","meta":{"_monsterinsights_skip_tracking":false,"_monsterinsights_sitenote_active":false,"_monsterinsights_sitenote_note":"","_monsterinsights_sitenote_category":0},"product_brand":[121],"product_cat":[168],"product_tag":[169,170,171],"class_list":{"0":"post-876","1":"product","2":"type-product","3":"status-publish","4":"has-post-thumbnail","6":"product_brand-race85com","7":"product_cat-household-and-others","8":"product_tag-camera","9":"product_tag-stand","10":"product_tag-tapo","11":"product_shipping_class-do-1kg","13":"first","14":"instock","15":"taxable","16":"shipping-taxable","17":"purchasable","18":"product-type-variable"},"aioseo_notices":[],"jetpack_sharing_enabled":true,"_links":{"self":[{"href":"https:\/\/www.race85.com\/cs\/wp-json\/wp\/v2\/product\/876","targetHints":{"allow":["GET"]}}],"collection":[{"href":"https:\/\/www.race85.com\/cs\/wp-json\/wp\/v2\/product"}],"about":[{"href":"https:\/\/www.race85.com\/cs\/wp-json\/wp\/v2\/types\/product"}],"replies":[{"embeddable":true,"href":"https:\/\/www.race85.com\/cs\/wp-json\/wp\/v2\/comments?post=876"}],"wp:featuredmedia":[{"embeddable":true,"href":"https:\/\/www.race85.com\/cs\/wp-json\/wp\/v2\/media\/875"}],"wp:attachment":[{"href":"https:\/\/www.race85.com\/cs\/wp-json\/wp\/v2\/media?parent=876"}],"wp:term":[{"taxonomy":"product_brand","embeddable":true,"href":"https:\/\/www.race85.com\/cs\/wp-json\/wp\/v2\/product_brand?post=876"},{"taxonomy":"product_cat","embeddable":true,"href":"https:\/\/www.race85.com\/cs\/wp-json\/wp\/v2\/product_cat?post=876"},{"taxonomy":"product_tag","embeddable":true,"href":"https:\/\/www.race85.com\/cs\/wp-json\/wp\/v2\/product_tag?post=876"}],"curies":[{"name":"wp","href":"https:\/\/api.w.org\/{rel}","templated":true}]}}